{"id":12282,"date":"2024-02-01T07:36:31","date_gmt":"2024-02-01T07:36:31","guid":{"rendered":"http:\/\/camyacht.vn\/ho-tro\/"},"modified":"2025-10-12T09:26:15","modified_gmt":"2025-10-12T09:26:15","slug":"support","status":"publish","type":"page","link":"https:\/\/camyacht.vn\/en\/support\/","title":{"rendered":"Support"},"content":{"rendered":"\t\t<div data-elementor-type=\"wp-page\" data-elementor-id=\"12282\" class=\"elementor elementor-12282 elementor-4954\">\n\t\t\t\t<div class=\"elementor-element elementor-element-4a2b248 e-flex e-con-boxed tm-col-stretched-none tm-bg-color-over-image e-con e-parent\" data-id=\"4a2b248\" data-element_type=\"container\">\n\t\t\t\t\t<div class=\"e-con-inner\">\n\t\t<div class=\"elementor-element elementor-element-6f87f25 e-grid e-con-boxed tm-col-stretched-none tm-bg-color-over-image e-con e-child\" data-id=\"6f87f25\" data-element_type=\"container\">\n\t\t\t\t\t<div class=\"e-con-inner\">\n\t\t<div class=\"elementor-element elementor-element-16e9ad2 e-con-full e-flex tm-col-stretched-none tm-bg-color-over-image e-con e-child\" data-id=\"16e9ad2\" data-element_type=\"container\">\n\t\t\t\t<div class=\"elementor-element elementor-element-ee2e927 elementor-widget elementor-widget-tm-ele-accordion\" data-id=\"ee2e927\" data-element_type=\"widget\" data-widget_type=\"tm-ele-accordion.default\">\n\t\t\t\t<div class=\"elementor-widget-container\">\n\t\t\t\t\t\t\t<div id=\"accordion-holder-564773\" class=\"tm-accordion accordion\">\r\n\t\r\n  <div class=\"card active\">\r\n    <div class=\"card-header p-0\" id=\"heading971\">\r\n      <h5 class=\"title \" data-bs-toggle=\"collapse\" data-bs-target=\"#collapse971\" aria-expanded=\"true\" aria-controls=\"collapse971\">\r\n        <span class=\"text\">Ch\u00fang t\u00f4i chuy\u00ean cung c\u1ea5p d\u1ecbch v\u1ee5 du thuy\u1ec1n tr\u1ea3i nghi\u1ec7m. <\/span>\r\n        <span class=\"accordion-controls-icon\"><svg class=\"e-font-icon-svg e-fas-plus\" viewBox=\"0 0 448 512\" xmlns=\"http:\/\/www.w3.org\/2000\/svg\"><path d=\"M416 208H272V64c0-17.67-14.33-32-32-32h-32c-17.67 0-32 14.33-32 32v144H32c-17.67 0-32 14.33-32 32v32c0 17.67 14.33 32 32 32h144v144c0 17.67 14.33 32 32 32h32c17.67 0 32-14.33 32-32V304h144c17.67 0 32-14.33 32-32v-32c0-17.67-14.33-32-32-32z\"><\/path><\/svg><\/span>\r\n      <\/h5>\r\n    <\/div>\r\n    <div id=\"collapse971\" class=\"collapse show\" aria-labelledby=\"heading971\" data-bs-parent=\"#accordion-holder-564773\">\r\n      <div class=\"card-body\">\r\n        <p>V\u1edbi h\u01a1n 5 n\u0103m kinh nghi\u1ec7m cung c\u1ea5p d\u1ecbch v\u1ee5 tour du thuy\u1ec1n, mang \u0111\u1ebfn nh\u1eefng tr\u1ea3i nghi\u1ec7m v\u1ec1 m\u1ed9t l\u1ed1i s\u1ed1ng du thuy\u1ec1n \u0111\u00edch th\u1ef1c, nh\u1eefng k\u1ec9 ni\u1ec7m \u0111\u00e1ng nh\u1edb v\u1ec1 m\u1ed9t h\u00e0nh tr\u00ecnh tr\u1ecdn v\u1eb9n.<\/p>      <\/div>\r\n    <\/div>\r\n  <\/div>\r\n\r\n  <div class=\"card \">\r\n    <div class=\"card-header p-0\" id=\"heading972\">\r\n      <h5 class=\"title collapsed\" data-bs-toggle=\"collapse\" data-bs-target=\"#collapse972\" aria-expanded=\"false\" aria-controls=\"collapse972\">\r\n        <span class=\"text\">D\u00f2ng du thuy\u1ec1n s\u1edf h\u1eefu c\u00e1c t\u00ednh n\u0103ng v\u00e0 s\u1ef1 ho\u00e0n thi\u1ec7n cao c\u1ea5p nh\u1ea5t. <\/span>\r\n        <span class=\"accordion-controls-icon\"><svg class=\"e-font-icon-svg e-fas-plus\" viewBox=\"0 0 448 512\" xmlns=\"http:\/\/www.w3.org\/2000\/svg\"><path d=\"M416 208H272V64c0-17.67-14.33-32-32-32h-32c-17.67 0-32 14.33-32 32v144H32c-17.67 0-32 14.33-32 32v32c0 17.67 14.33 32 32 32h144v144c0 17.67 14.33 32 32 32h32c17.67 0 32-14.33 32-32V304h144c17.67 0 32-14.33 32-32v-32c0-17.67-14.33-32-32-32z\"><\/path><\/svg><\/span>\r\n      <\/h5>\r\n    <\/div>\r\n    <div id=\"collapse972\" class=\"collapse \" aria-labelledby=\"heading972\" data-bs-parent=\"#accordion-holder-564773\">\r\n      <div class=\"card-body\">\r\n        <p>V\u1edbi h\u01a1n b\u1ed1n th\u1eadp k\u1ef7 kinh nghi\u1ec7m cung c\u1ea5p gi\u1ea3i ph\u00e1p cho c\u00e1c doanh nghi\u1ec7p l\u1edbn kh\u00f4ng ho\u00e0n th\u00e0nh nhi\u1ec7m v\u1ee5 do y\u1ebfu k\u00e9m.<\/p>      <\/div>\r\n    <\/div>\r\n  <\/div>\r\n\r\n  <div class=\"card \">\r\n    <div class=\"card-header p-0\" id=\"heading973\">\r\n      <h5 class=\"title collapsed\" data-bs-toggle=\"collapse\" data-bs-target=\"#collapse973\" aria-expanded=\"false\" aria-controls=\"collapse973\">\r\n        <span class=\"text\">D\u1ecbch v\u1ee5 c\u1ee7a b\u1ea1n bao g\u1ed3m nh\u1eefng g\u00ec?<\/span>\r\n        <span class=\"accordion-controls-icon\"><svg class=\"e-font-icon-svg e-fas-plus\" viewBox=\"0 0 448 512\" xmlns=\"http:\/\/www.w3.org\/2000\/svg\"><path d=\"M416 208H272V64c0-17.67-14.33-32-32-32h-32c-17.67 0-32 14.33-32 32v144H32c-17.67 0-32 14.33-32 32v32c0 17.67 14.33 32 32 32h144v144c0 17.67 14.33 32 32 32h32c17.67 0 32-14.33 32-32V304h144c17.67 0 32-14.33 32-32v-32c0-17.67-14.33-32-32-32z\"><\/path><\/svg><\/span>\r\n      <\/h5>\r\n    <\/div>\r\n    <div id=\"collapse973\" class=\"collapse \" aria-labelledby=\"heading973\" data-bs-parent=\"#accordion-holder-564773\">\r\n      <div class=\"card-body\">\r\n        <p>V\u1edbi h\u01a1n b\u1ed1n th\u1eadp k\u1ef7 kinh nghi\u1ec7m cung c\u1ea5p gi\u1ea3i ph\u00e1p cho c\u00e1c doanh nghi\u1ec7p l\u1edbn kh\u00f4ng ho\u00e0n th\u00e0nh nhi\u1ec7m v\u1ee5 do y\u1ebfu k\u00e9m.<\/p>      <\/div>\r\n    <\/div>\r\n  <\/div>\r\n\r\n  <div class=\"card \">\r\n    <div class=\"card-header p-0\" id=\"heading974\">\r\n      <h5 class=\"title collapsed\" data-bs-toggle=\"collapse\" data-bs-target=\"#collapse974\" aria-expanded=\"false\" aria-controls=\"collapse974\">\r\n        <span class=\"text\">C\u00e1c ph\u01b0\u01a1ng th\u1ee9c thanh to\u00e1n l\u00e0 g\u00ec?<\/span>\r\n        <span class=\"accordion-controls-icon\"><svg class=\"e-font-icon-svg e-fas-plus\" viewBox=\"0 0 448 512\" xmlns=\"http:\/\/www.w3.org\/2000\/svg\"><path d=\"M416 208H272V64c0-17.67-14.33-32-32-32h-32c-17.67 0-32 14.33-32 32v144H32c-17.67 0-32 14.33-32 32v32c0 17.67 14.33 32 32 32h144v144c0 17.67 14.33 32 32 32h32c17.67 0 32-14.33 32-32V304h144c17.67 0 32-14.33 32-32v-32c0-17.67-14.33-32-32-32z\"><\/path><\/svg><\/span>\r\n      <\/h5>\r\n    <\/div>\r\n    <div id=\"collapse974\" class=\"collapse \" aria-labelledby=\"heading974\" data-bs-parent=\"#accordion-holder-564773\">\r\n      <div class=\"card-body\">\r\n        <p>V\u1edbi h\u01a1n b\u1ed1n th\u1eadp k\u1ef7 kinh nghi\u1ec7m cung c\u1ea5p gi\u1ea3i ph\u00e1p cho c\u00e1c doanh nghi\u1ec7p l\u1edbn kh\u00f4ng ho\u00e0n th\u00e0nh nhi\u1ec7m v\u1ee5 do y\u1ebfu k\u00e9m.<\/p>      <\/div>\r\n    <\/div>\r\n  <\/div>\r\n\r\n  <div class=\"card \">\r\n    <div class=\"card-header p-0\" id=\"heading975\">\r\n      <h5 class=\"title collapsed\" data-bs-toggle=\"collapse\" data-bs-target=\"#collapse975\" aria-expanded=\"false\" aria-controls=\"collapse975\">\r\n        <span class=\"text\">B\u1ed9 ph\u1eadn tr\u1ea3i nghi\u1ec7m kh\u00e1ch h\u00e0ng \u0111\u1ed9c \u0111\u00e1o<\/span>\r\n        <span class=\"accordion-controls-icon\"><svg class=\"e-font-icon-svg e-fas-plus\" viewBox=\"0 0 448 512\" xmlns=\"http:\/\/www.w3.org\/2000\/svg\"><path d=\"M416 208H272V64c0-17.67-14.33-32-32-32h-32c-17.67 0-32 14.33-32 32v144H32c-17.67 0-32 14.33-32 32v32c0 17.67 14.33 32 32 32h144v144c0 17.67 14.33 32 32 32h32c17.67 0 32-14.33 32-32V304h144c17.67 0 32-14.33 32-32v-32c0-17.67-14.33-32-32-32z\"><\/path><\/svg><\/span>\r\n      <\/h5>\r\n    <\/div>\r\n    <div id=\"collapse975\" class=\"collapse \" aria-labelledby=\"heading975\" data-bs-parent=\"#accordion-holder-564773\">\r\n      <div class=\"card-body\">\r\n        <p>L\u00e0 m\u1ed9t m\u00f4 h\u00ecnh ng\u00f4n ng\u1eef AI, t\u00f4i kh\u00f4ng cung c\u1ea5p s\u1ea3n ph\u1ea9m hay d\u1ecbch v\u1ee5, v\u00ec v\u1eady t\u00f4i kh\u00f4ng cung c\u1ea5p b\u1ea3o h\u00e0nh hay d\u1ecbch v\u1ee5 h\u1eadu m\u00e3i. Tuy nhi\u00ean, nhi\u1ec1u c\u00f4ng ty cung c\u1ea5p s\u1ea3n ph\u1ea9m ho\u1eb7c d\u1ecbch v\u1ee5 c\u00f3 cung c\u1ea5p b\u1ea3o h\u00e0nh v\u00e0 d\u1ecbch v\u1ee5 h\u1eadu m\u00e3i cho kh\u00e1ch h\u00e0ng. B\u1ea3o h\u00e0nh l\u00e0 m\u1ed9t h\u00ecnh th\u1ee9c \u0111\u1ea3m b\u1ea3o r\u1eb1ng<\/p>      <\/div>\r\n    <\/div>\r\n  <\/div>\r\n\t\t<\/div>\r\n\t\t\t\t\t<\/div>\n\t\t\t\t<\/div>\n\t\t\t\t<\/div>\n\t\t<div class=\"elementor-element elementor-element-b7e7ed3 e-con-full tm-col-stretched-none elementor-hidden-desktop elementor-hidden-tablet elementor-hidden-mobile e-flex tm-bg-color-over-image e-con e-child\" data-id=\"b7e7ed3\" data-element_type=\"container\">\n\t\t\t\t<div class=\"elementor-element elementor-element-03a1085 elementor-widget elementor-widget-tm-ele-accordion\" data-id=\"03a1085\" data-element_type=\"widget\" data-widget_type=\"tm-ele-accordion.default\">\n\t\t\t\t<div class=\"elementor-widget-container\">\n\t\t\t\t\t\t\t<div id=\"accordion-holder-742153\" class=\"tm-accordion accordion\">\r\n\t\r\n  <div class=\"card active\">\r\n    <div class=\"card-header p-0\" id=\"heading511\">\r\n      <h5 class=\"title \" data-bs-toggle=\"collapse\" data-bs-target=\"#collapse511\" aria-expanded=\"true\" aria-controls=\"collapse511\">\r\n        <span class=\"text\">T\u1ef1 s\u1ea3n xu\u1ea5t \u0111\u1ed3 s\u1ea1ch \u0111\u1ec3 b\u1ea3o v\u1ec7 m\u00f4i tr\u01b0\u1eddng<\/span>\r\n        <span class=\"accordion-controls-icon\"><svg class=\"e-font-icon-svg e-fas-plus\" viewBox=\"0 0 448 512\" xmlns=\"http:\/\/www.w3.org\/2000\/svg\"><path d=\"M416 208H272V64c0-17.67-14.33-32-32-32h-32c-17.67 0-32 14.33-32 32v144H32c-17.67 0-32 14.33-32 32v32c0 17.67 14.33 32 32 32h144v144c0 17.67 14.33 32 32 32h32c17.67 0 32-14.33 32-32V304h144c17.67 0 32-14.33 32-32v-32c0-17.67-14.33-32-32-32z\"><\/path><\/svg><\/span>\r\n      <\/h5>\r\n    <\/div>\r\n    <div id=\"collapse511\" class=\"collapse show\" aria-labelledby=\"heading511\" data-bs-parent=\"#accordion-holder-742153\">\r\n      <div class=\"card-body\">\r\n        <p>V\u1edbi h\u01a1n b\u1ed1n th\u1eadp k\u1ef7 kinh nghi\u1ec7m cung c\u1ea5p gi\u1ea3i ph\u00e1p cho c\u00e1c doanh nghi\u1ec7p l\u1edbn kh\u00f4ng ho\u00e0n th\u00e0nh nhi\u1ec7m v\u1ee5 do y\u1ebfu k\u00e9m.<\/p>      <\/div>\r\n    <\/div>\r\n  <\/div>\r\n\r\n  <div class=\"card \">\r\n    <div class=\"card-header p-0\" id=\"heading512\">\r\n      <h5 class=\"title collapsed\" data-bs-toggle=\"collapse\" data-bs-target=\"#collapse512\" aria-expanded=\"false\" aria-controls=\"collapse512\">\r\n        <span class=\"text\">D\u1ecbch v\u1ee5 v\u00e0 h\u1ed7 tr\u1ee3 t\u1ea1i ch\u1ed7 cho ch\u1ee9ng nh\u1eadn<\/span>\r\n        <span class=\"accordion-controls-icon\"><svg class=\"e-font-icon-svg e-fas-plus\" viewBox=\"0 0 448 512\" xmlns=\"http:\/\/www.w3.org\/2000\/svg\"><path d=\"M416 208H272V64c0-17.67-14.33-32-32-32h-32c-17.67 0-32 14.33-32 32v144H32c-17.67 0-32 14.33-32 32v32c0 17.67 14.33 32 32 32h144v144c0 17.67 14.33 32 32 32h32c17.67 0 32-14.33 32-32V304h144c17.67 0 32-14.33 32-32v-32c0-17.67-14.33-32-32-32z\"><\/path><\/svg><\/span>\r\n      <\/h5>\r\n    <\/div>\r\n    <div id=\"collapse512\" class=\"collapse \" aria-labelledby=\"heading512\" data-bs-parent=\"#accordion-holder-742153\">\r\n      <div class=\"card-body\">\r\n        <p>V\u1edbi h\u01a1n b\u1ed1n th\u1eadp k\u1ef7 kinh nghi\u1ec7m cung c\u1ea5p gi\u1ea3i ph\u00e1p cho c\u00e1c doanh nghi\u1ec7p l\u1edbn kh\u00f4ng ho\u00e0n th\u00e0nh nhi\u1ec7m v\u1ee5 do y\u1ebfu k\u00e9m.<\/p>      <\/div>\r\n    <\/div>\r\n  <\/div>\r\n\r\n  <div class=\"card \">\r\n    <div class=\"card-header p-0\" id=\"heading513\">\r\n      <h5 class=\"title collapsed\" data-bs-toggle=\"collapse\" data-bs-target=\"#collapse513\" aria-expanded=\"false\" aria-controls=\"collapse513\">\r\n        <span class=\"text\">Ngu\u1ed3n s\u00e1ng cho hi\u1ec7u su\u1ea5t chuy\u1ec3n \u0111\u1ed5i \u1ed5n \u0111\u1ecbnh<\/span>\r\n        <span class=\"accordion-controls-icon\"><svg class=\"e-font-icon-svg e-fas-plus\" viewBox=\"0 0 448 512\" xmlns=\"http:\/\/www.w3.org\/2000\/svg\"><path d=\"M416 208H272V64c0-17.67-14.33-32-32-32h-32c-17.67 0-32 14.33-32 32v144H32c-17.67 0-32 14.33-32 32v32c0 17.67 14.33 32 32 32h144v144c0 17.67 14.33 32 32 32h32c17.67 0 32-14.33 32-32V304h144c17.67 0 32-14.33 32-32v-32c0-17.67-14.33-32-32-32z\"><\/path><\/svg><\/span>\r\n      <\/h5>\r\n    <\/div>\r\n    <div id=\"collapse513\" class=\"collapse \" aria-labelledby=\"heading513\" data-bs-parent=\"#accordion-holder-742153\">\r\n      <div class=\"card-body\">\r\n        <p>V\u1edbi h\u01a1n b\u1ed1n th\u1eadp k\u1ef7 kinh nghi\u1ec7m cung c\u1ea5p gi\u1ea3i ph\u00e1p cho c\u00e1c doanh nghi\u1ec7p quy m\u00f4 l\u1edbn kh\u00f4ng ho\u00e0n th\u00e0nh nhi\u1ec7m v\u1ee5 do y\u1ebfu k\u00e9m. B\u1ea3o l\u00e3nh l\u00e0 m\u1ed9t h\u00ecnh th\u1ee9c \u0111\u1ea3m b\u1ea3o r\u1eb1ng<\/p>      <\/div>\r\n    <\/div>\r\n  <\/div>\r\n\r\n  <div class=\"card \">\r\n    <div class=\"card-header p-0\" id=\"heading514\">\r\n      <h5 class=\"title collapsed\" data-bs-toggle=\"collapse\" data-bs-target=\"#collapse514\" aria-expanded=\"false\" aria-controls=\"collapse514\">\r\n        <span class=\"text\">T\u00f4i nh\u1eadn \u0111\u01b0\u1ee3c \u0111\u01a1n h\u00e0ng nhanh nh\u01b0 th\u1ebf n\u00e0o?<\/span>\r\n        <span class=\"accordion-controls-icon\"><svg class=\"e-font-icon-svg e-fas-plus\" viewBox=\"0 0 448 512\" xmlns=\"http:\/\/www.w3.org\/2000\/svg\"><path d=\"M416 208H272V64c0-17.67-14.33-32-32-32h-32c-17.67 0-32 14.33-32 32v144H32c-17.67 0-32 14.33-32 32v32c0 17.67 14.33 32 32 32h144v144c0 17.67 14.33 32 32 32h32c17.67 0 32-14.33 32-32V304h144c17.67 0 32-14.33 32-32v-32c0-17.67-14.33-32-32-32z\"><\/path><\/svg><\/span>\r\n      <\/h5>\r\n    <\/div>\r\n    <div id=\"collapse514\" class=\"collapse \" aria-labelledby=\"heading514\" data-bs-parent=\"#accordion-holder-742153\">\r\n      <div class=\"card-body\">\r\n        <p>V\u1edbi h\u01a1n b\u1ed1n th\u1eadp k\u1ef7 kinh nghi\u1ec7m cung c\u1ea5p gi\u1ea3i ph\u00e1p cho c\u00e1c doanh nghi\u1ec7p quy m\u00f4 l\u1edbn kh\u00f4ng ho\u00e0n th\u00e0nh nhi\u1ec7m v\u1ee5 do y\u1ebfu k\u00e9m. B\u1ea3o l\u00e3nh l\u00e0 m\u1ed9t h\u00ecnh th\u1ee9c \u0111\u1ea3m b\u1ea3o r\u1eb1ng<\/p>      <\/div>\r\n    <\/div>\r\n  <\/div>\r\n\r\n  <div class=\"card \">\r\n    <div class=\"card-header p-0\" id=\"heading515\">\r\n      <h5 class=\"title collapsed\" data-bs-toggle=\"collapse\" data-bs-target=\"#collapse515\" aria-expanded=\"false\" aria-controls=\"collapse515\">\r\n        <span class=\"text\">B\u1ed9 ph\u1eadn tr\u1ea3i nghi\u1ec7m kh\u00e1ch h\u00e0ng \u0111\u1ed9c \u0111\u00e1o<\/span>\r\n        <span class=\"accordion-controls-icon\"><svg class=\"e-font-icon-svg e-fas-plus\" viewBox=\"0 0 448 512\" xmlns=\"http:\/\/www.w3.org\/2000\/svg\"><path d=\"M416 208H272V64c0-17.67-14.33-32-32-32h-32c-17.67 0-32 14.33-32 32v144H32c-17.67 0-32 14.33-32 32v32c0 17.67 14.33 32 32 32h144v144c0 17.67 14.33 32 32 32h32c17.67 0 32-14.33 32-32V304h144c17.67 0 32-14.33 32-32v-32c0-17.67-14.33-32-32-32z\"><\/path><\/svg><\/span>\r\n      <\/h5>\r\n    <\/div>\r\n    <div id=\"collapse515\" class=\"collapse \" aria-labelledby=\"heading515\" data-bs-parent=\"#accordion-holder-742153\">\r\n      <div class=\"card-body\">\r\n        <p>V\u1edbi h\u01a1n b\u1ed1n th\u1eadp k\u1ef7 kinh nghi\u1ec7m cung c\u1ea5p gi\u1ea3i ph\u00e1p cho c\u00e1c doanh nghi\u1ec7p l\u1edbn kh\u00f4ng ho\u00e0n th\u00e0nh nhi\u1ec7m v\u1ee5 do y\u1ebfu k\u00e9m.<\/p>      <\/div>\r\n    <\/div>\r\n  <\/div>\r\n\t\t<\/div>\r\n\t\t\t\t\t<\/div>\n\t\t\t\t<\/div>\n\t\t\t\t<\/div>\n\t\t\t\t\t<\/div>\n\t\t\t\t<\/div>\n\t\t\t\t\t<\/div>\n\t\t\t\t<\/div>\n\t\t\t\t<\/div>\n\t\t","protected":false},"excerpt":{"rendered":"<p>Ch\u00fang t\u00f4i chuy\u00ean cung c\u1ea5p d\u1ecbch v\u1ee5 du thuy\u1ec1n tr\u1ea3i nghi\u1ec7m. V\u1edbi h\u01a1n 5 n\u0103m kinh nghi\u1ec7m cung c\u1ea5p d\u1ecbch&#8230;<\/p>\n","protected":false},"author":1,"featured_media":0,"parent":0,"menu_order":0,"comment_status":"closed","ping_status":"closed","template":"","meta":{"footnotes":""},"class_list":["post-12282","page","type-page","status-publish","hentry"],"_links":{"self":[{"href":"https:\/\/camyacht.vn\/en\/wp-json\/wp\/v2\/pages\/12282","targetHints":{"allow":["GET"]}}],"collection":[{"href":"https:\/\/camyacht.vn\/en\/wp-json\/wp\/v2\/pages"}],"about":[{"href":"https:\/\/camyacht.vn\/en\/wp-json\/wp\/v2\/types\/page"}],"author":[{"embeddable":true,"href":"https:\/\/camyacht.vn\/en\/wp-json\/wp\/v2\/users\/1"}],"replies":[{"embeddable":true,"href":"https:\/\/camyacht.vn\/en\/wp-json\/wp\/v2\/comments?post=12282"}],"version-history":[{"count":1,"href":"https:\/\/camyacht.vn\/en\/wp-json\/wp\/v2\/pages\/12282\/revisions"}],"predecessor-version":[{"id":12283,"href":"https:\/\/camyacht.vn\/en\/wp-json\/wp\/v2\/pages\/12282\/revisions\/12283"}],"wp:attachment":[{"href":"https:\/\/camyacht.vn\/en\/wp-json\/wp\/v2\/media?parent=12282"}],"curies":[{"name":"wp","href":"https:\/\/api.w.org\/{rel}","templated":true}]}}