{"id":12234,"date":"2024-01-27T08:16:16","date_gmt":"2024-01-27T08:16:16","guid":{"rendered":"http:\/\/camyacht.vn\/dich-vu\/"},"modified":"2025-10-31T05:55:29","modified_gmt":"2025-10-31T05:55:29","slug":"service","status":"publish","type":"page","link":"https:\/\/camyacht.vn\/en\/service\/","title":{"rendered":"Service"},"content":{"rendered":"\t\t<div data-elementor-type=\"wp-page\" data-elementor-id=\"12234\" class=\"elementor elementor-12234 elementor-1497\">\n\t\t\t\t<div class=\"elementor-element elementor-element-09316be e-flex e-con-boxed tm-col-stretched-none tm-bg-color-over-image e-con e-parent\" data-id=\"09316be\" data-element_type=\"container\" data-settings=\"{&quot;background_background&quot;:&quot;classic&quot;}\">\n\t\t\t\t\t<div class=\"e-con-inner\">\n\t\t<div class=\"elementor-element elementor-element-5bdccdd e-flex e-con-boxed tm-col-stretched-none tm-bg-color-over-image e-con e-child\" data-id=\"5bdccdd\" data-element_type=\"container\">\n\t\t\t\t\t<div class=\"e-con-inner\">\n\t\t<div class=\"elementor-element elementor-element-08f5212 tm-col-stretched-none e-flex e-con-boxed tm-bg-color-over-image e-con e-child\" data-id=\"08f5212\" data-element_type=\"container\">\n\t\t\t\t\t<div class=\"e-con-inner\">\n\t\t\t\t<div class=\"elementor-element elementor-element-65cf13d elementor-widget elementor-widget-tm-ele-pricing-block\" data-id=\"65cf13d\" data-element_type=\"widget\" data-widget_type=\"tm-ele-pricing-block.skin-style1\">\n\t\t\t\t<div class=\"elementor-widget-container\">\n\t\t\t\t\t\t<div id=\"pricing-block-holder-186578\" class=\"tm-sc-pricing tm-pricing-carousel tm-swiper-container\" data-items=\"3\" data-space=\"20\" data-autoplay=\"true\" data-loop=\"true\" data-centered=\"false\" data-arrow=\"true\" data-bullets=\"false\" data-xxl-items=\"3\" data-lg-items=\"3\" data-md-items=\"2\" data-sm-items=\"1\" data-xs-items=\"1\">\r\n\t\t<div class=\"swiper-container-inner\">\r\n\t\t\t<div class=\"swiper-wrapper\">\r\n\t\t\t\t<!-- the loop -->\r\n\t\t\t\t\t\t\t\t\t\t\t\t\t\t<div class=\"swiper-slide\">\r\n\t\t\t\t\t\t<!-- Pricing Block Style1-->\r\n<div class=\"pricing-block-style1 style-thumb-left\">\r\n  <div class=\"inner-box\">\r\n    <div class=\"image-box\">\r\n      <div class=\"image\">\r\n        \r\n\t\t<div class=\"pricing-featured-img\">\r\n\t<img fetchpriority=\"high\" decoding=\"async\" src=\"https:\/\/camyacht.vn\/wp-content\/uploads\/2025\/09\/shutterstock_2316853185-1-600x800.jpg\" width=\"600\" height=\"800\" alt=\"\">\r\n<\/div>      <\/div>\r\n    <\/div>\r\n    <div class=\"content-box\">\r\n      <div class=\"price\">20\u0111<\/div>\r\n      \r\n\t\t<h4 class=\"pricing-title\">\r\n\t\t\t\t<a target=\"_blank\" href=\"https:\/\/drive.google.com\/file\/d\/16MD807zjnX00VU1ZcmDVkczgoFlJM7vn\/view\" rel=\"noopener\">\r\n\t\t\tToast\t\t<\/a>\r\n\t\t\t<\/h4>\r\n\t      <div class=\"pricing-details\"><span class=\"location\"><i class=\"fas fa-map-marker-alt\"><\/i>Sai Gon - Vung Tau<\/span><\/div>\r\n    <\/div>\r\n  <\/div>\r\n<\/div>\t\t\t\t\t<\/div>\r\n\t\t\t\t\t\t\t\t\t\t\t\t\t\t<div class=\"swiper-slide\">\r\n\t\t\t\t\t\t<!-- Pricing Block Style1-->\r\n<div class=\"pricing-block-style1 style-thumb-left\">\r\n  <div class=\"inner-box\">\r\n    <div class=\"image-box\">\r\n      <div class=\"image\">\r\n        \r\n\t\t<div class=\"pricing-featured-img\">\r\n\t<img decoding=\"async\" src=\"https:\/\/camyacht.vn\/wp-content\/uploads\/2025\/09\/wanderstar555_50395_family_party_table_on_a_yatch_asian_people_6a1c6867-27b4-460d-8d04-6a3818b55d19-1-1-1-1-600x800.png\" width=\"600\" height=\"800\" alt=\"\">\r\n<\/div>      <\/div>\r\n    <\/div>\r\n    <div class=\"content-box\">\r\n      <div class=\"price\">50\u0111<\/div>\r\n      \r\n\t\t<h4 class=\"pricing-title\">\r\n\t\t\t\t<a target=\"_blank\" href=\"https:\/\/drive.google.com\/file\/d\/16MD807zjnX00VU1ZcmDVkczgoFlJM7vn\/view\" rel=\"noopener\">\r\n\t\t\tStillness\t\t<\/a>\r\n\t\t\t<\/h4>\r\n\t      <div class=\"pricing-details\"><span class=\"location\"><i class=\"fas fa-map-marker-alt\"><\/i>Sai Gon - Vung Tau<\/span><\/div>\r\n    <\/div>\r\n  <\/div>\r\n<\/div>\t\t\t\t\t<\/div>\r\n\t\t\t\t\t\t\t\t\t\t\t\t\t\t<div class=\"swiper-slide\">\r\n\t\t\t\t\t\t<!-- Pricing Block Style1-->\r\n<div class=\"pricing-block-style1 style-thumb-left\">\r\n  <div class=\"inner-box\">\r\n    <div class=\"image-box\">\r\n      <div class=\"image\">\r\n        \r\n\t\t<div class=\"pricing-featured-img\">\r\n\t<img decoding=\"async\" src=\"https:\/\/camyacht.vn\/wp-content\/uploads\/2025\/09\/13-1-scaled-e1758468892507-600x800.jpg\" width=\"600\" height=\"800\" alt=\"\">\r\n<\/div>      <\/div>\r\n    <\/div>\r\n    <div class=\"content-box\">\r\n      <div class=\"price\">90\u0111<\/div>\r\n      \r\n\t\t<h4 class=\"pricing-title\">\r\n\t\t\t\t<a target=\"_blank\" href=\"https:\/\/drive.google.com\/file\/d\/16MD807zjnX00VU1ZcmDVkczgoFlJM7vn\/view\" rel=\"noopener\">\r\n\t\t\tTouch \t\t<\/a>\r\n\t\t\t<\/h4>\r\n\t      <div class=\"pricing-details\"><span class=\"location\"><i class=\"fas fa-map-marker-alt\"><\/i>Sai Gon - Vung Tau<\/span><\/div>\r\n    <\/div>\r\n  <\/div>\r\n<\/div>\t\t\t\t\t<\/div>\r\n\t\t\t\t\t\t\t\t<!-- end of the loop -->\r\n\t\t\t<\/div>\r\n\t\t<\/div>\r\n\r\n\t\t<div class=\"swiper-pagination d-none\"><\/div>\r\n\r\n\t\t<div class=\"tm-swiper-arrow tm-swiper-button-wrap \">\r\n\t\t\t<div class=\"tm-swiper-arrow tm-swiper-button-prev\"><i class=\"lnr-icon-arrow-left\"><\/i><\/div>\r\n\t\t\t<div class=\"tm-swiper-arrow tm-swiper-button-next\"><i class=\"lnr-icon-arrow-right\"><\/i><\/div>\r\n\t\t<\/div>\r\n\t<\/div>\r\n\r\n\t\t\t\t<\/div>\n\t\t\t\t<\/div>\n\t\t\t\t\t<\/div>\n\t\t\t\t<\/div>\n\t\t\t\t\t<\/div>\n\t\t\t\t<\/div>\n\t\t\t\t\t<\/div>\n\t\t\t\t<\/div>\n\t\t\t\t<\/div>\n\t\t","protected":false},"excerpt":{"rendered":"<p>20\u0111 Toast Sai Gon &#8211; Vung Tau 50\u0111 Stillness Sai Gon &#8211; Vung Tau 90\u0111 Touch Sai Gon &#8211; Vung&#8230;<\/p>\n","protected":false},"author":1,"featured_media":0,"parent":0,"menu_order":0,"comment_status":"closed","ping_status":"closed","template":"","meta":{"footnotes":""},"class_list":["post-12234","page","type-page","status-publish","hentry"],"_links":{"self":[{"href":"https:\/\/camyacht.vn\/en\/wp-json\/wp\/v2\/pages\/12234","targetHints":{"allow":["GET"]}}],"collection":[{"href":"https:\/\/camyacht.vn\/en\/wp-json\/wp\/v2\/pages"}],"about":[{"href":"https:\/\/camyacht.vn\/en\/wp-json\/wp\/v2\/types\/page"}],"author":[{"embeddable":true,"href":"https:\/\/camyacht.vn\/en\/wp-json\/wp\/v2\/users\/1"}],"replies":[{"embeddable":true,"href":"https:\/\/camyacht.vn\/en\/wp-json\/wp\/v2\/comments?post=12234"}],"version-history":[{"count":18,"href":"https:\/\/camyacht.vn\/en\/wp-json\/wp\/v2\/pages\/12234\/revisions"}],"predecessor-version":[{"id":12382,"href":"https:\/\/camyacht.vn\/en\/wp-json\/wp\/v2\/pages\/12234\/revisions\/12382"}],"wp:attachment":[{"href":"https:\/\/camyacht.vn\/en\/wp-json\/wp\/v2\/media?parent=12234"}],"curies":[{"name":"wp","href":"https:\/\/api.w.org\/{rel}","templated":true}]}}